{"id":93,"date":"2023-03-16T11:14:31","date_gmt":"2023-03-16T10:14:31","guid":{"rendered":"https:\/\/wordpress.vecurosoft.com\/wellnez\/?page_id=93"},"modified":"2024-09-28T18:30:33","modified_gmt":"2024-09-28T18:30:33","slug":"about","status":"publish","type":"page","link":"https:\/\/centre-bellissima.ma\/index.php\/about\/","title":{"rendered":"A Propos"},"content":{"rendered":"\t\t<div data-elementor-type=\"wp-page\" data-elementor-id=\"93\" class=\"elementor elementor-93\">\n\t\t\t\t\t\t<section class=\"elementor-section elementor-top-section elementor-element elementor-element-7c66d4f elementor-section-full_width elementor-section-stretched elementor-section-height-default elementor-section-height-default\" data-id=\"7c66d4f\" data-element_type=\"section\" data-e-type=\"section\" data-settings=\"{&quot;stretch_section&quot;:&quot;section-stretched&quot;}\">\n\t\t\t\t\t\t<div class=\"elementor-container elementor-column-gap-no\">\n\t\t\t\t\t<div class=\"elementor-column elementor-col-100 elementor-top-column elementor-element elementor-element-2b82df9\" data-id=\"2b82df9\" data-element_type=\"column\" data-e-type=\"column\">\n\t\t\t<div class=\"elementor-widget-wrap elementor-element-populated\">\n\t\t\t\t\t\t<section class=\"elementor-section elementor-inner-section elementor-element elementor-element-0d3503a elementor-section-boxed elementor-section-height-default elementor-section-height-default\" data-id=\"0d3503a\" data-element_type=\"section\" data-e-type=\"section\">\n\t\t\t\t\t\t<div class=\"elementor-container elementor-column-gap-no\">\n\t\t\t\t\t<div class=\"elementor-column elementor-col-100 elementor-inner-column elementor-element elementor-element-916ec5b\" data-id=\"916ec5b\" data-element_type=\"column\" data-e-type=\"column\">\n\t\t\t<div class=\"elementor-widget-wrap elementor-element-populated\">\n\t\t\t\t\t\t<div class=\"elementor-element elementor-element-2686f3a elementor-widget elementor-widget-image-carousel\" data-id=\"2686f3a\" data-element_type=\"widget\" data-e-type=\"widget\" data-settings=\"{&quot;slides_to_show&quot;:&quot;1&quot;,&quot;navigation&quot;:&quot;none&quot;,&quot;effect&quot;:&quot;fade&quot;,&quot;autoplay&quot;:&quot;yes&quot;,&quot;pause_on_hover&quot;:&quot;yes&quot;,&quot;pause_on_interaction&quot;:&quot;yes&quot;,&quot;autoplay_speed&quot;:5000,&quot;infinite&quot;:&quot;yes&quot;,&quot;speed&quot;:500}\" data-widget_type=\"image-carousel.default\">\n\t\t\t\t<div class=\"elementor-widget-container\">\n\t\t\t\t\t\t\t<div class=\"elementor-image-carousel-wrapper swiper\" role=\"region\" aria-roledescription=\"carousel\" aria-label=\"Carrousel d\u2019images\" dir=\"ltr\">\n\t\t\t<div class=\"elementor-image-carousel swiper-wrapper swiper-image-stretch\" aria-live=\"off\">\n\t\t\t\t\t\t\t\t<div class=\"swiper-slide\" role=\"group\" aria-roledescription=\"slide\" aria-label=\"1 sur 2\"><figure class=\"swiper-slide-inner\"><img decoding=\"async\" class=\"swiper-slide-image\" src=\"https:\/\/centre-bellissima.ma\/wp-content\/uploads\/2023\/03\/ab-4-1.jpg\" alt=\"ab-4-1\" \/><\/figure><\/div><div class=\"swiper-slide\" role=\"group\" aria-roledescription=\"slide\" aria-label=\"2 sur 2\"><figure class=\"swiper-slide-inner\"><img decoding=\"async\" class=\"swiper-slide-image\" src=\"https:\/\/centre-bellissima.ma\/wp-content\/uploads\/2023\/03\/ab-4-2.jpg\" alt=\"ab-4-2\" \/><\/figure><\/div>\t\t\t<\/div>\n\t\t\t\t\t\t\t\n\t\t\t\t\t\t\t\t\t<\/div>\n\t\t\t\t\t\t<\/div>\n\t\t\t\t<\/div>\n\t\t\t\t<div class=\"elementor-element elementor-element-5186d82 elementor-widget elementor-widget-text-editor\" data-id=\"5186d82\" data-element_type=\"widget\" data-e-type=\"widget\" data-widget_type=\"text-editor.default\">\n\t\t\t\t<div class=\"elementor-widget-container\">\n\t\t\t\t\t\t\t\t\t<p><span style=\"color: #333333;\">Situ\u00e9 au plein centre de Casablanca \u00e0 Boulevard El Qods, le Centre BELLISSIMA propose des soins esth\u00e9tiques et laser pour visage, des techniques de remodelage du corps et des s\u00e9ances d&#8217;amincissement gr\u00e2ce \u00e0 des machines de derni\u00e8re technologie. Notre \u00e9quipe professionnelle et performante s\u2019adapte \u00e0 l\u2019objectif et au besoin de chaque cliente. Notre concept se distingue en offrant \u00e0 nos clientes une prise en charge globale pour un r\u00e9el bien-\u00eatre et une beaut\u00e9 \u00e9clatante. Gr\u00e2ce aux technologies de pointe, nous sommes en mesure d&#8217;analyser les besoins du peau et corps de chaque cliente afin de proposer des soins sur mesure. Notre accompagnement ne s&#8217;arr\u00eate pas l\u00e0, nous offrons \u00e9galement des conseils et des protocoles \u00e0 suivre tout au long du traitement.<\/span><\/p><p><span style=\"color: #333333;\"><strong>Nos Horaires :<\/strong><\/span><\/p><ul><li><span style=\"color: #333333;\">Coiffure &amp; esth\u00e9tique : du Mercredi au Lundi de 10h00 \u00e0 20h00<\/span><\/li><li><span style=\"color: #333333;\">Amincissement, Laser &amp; Massage : du Lundi \u00e0 Samedi de 9h00 \u00e0 19h00<\/span><\/li><\/ul>\t\t\t\t\t\t\t\t<\/div>\n\t\t\t\t<\/div>\n\t\t\t\t\t<\/div>\n\t\t<\/div>\n\t\t\t\t\t<\/div>\n\t\t<\/section>\n\t\t\t\t\t<\/div>\n\t\t<\/div>\n\t\t\t\t\t<\/div>\n\t\t<\/section>\n\t\t\t\t<\/div>\n\t\t","protected":false},"excerpt":{"rendered":"<p>Situ\u00e9 au plein centre de Casablanca \u00e0 Boulevard El Qods, le Centre BELLISSIMA propose des soins esth\u00e9tiques et laser pour visage, des techniques de remodelage du corps et des s\u00e9ances d&#8217;amincissement gr\u00e2ce \u00e0 des machines de derni\u00e8re technologie. Notre \u00e9quipe professionnelle et performante s\u2019adapte \u00e0 l\u2019objectif et au besoin de chaque cliente. Notre concept se&#8230;<\/p>\n","protected":false},"author":1,"featured_media":0,"parent":0,"menu_order":0,"comment_status":"closed","ping_status":"closed","template":"template-builder.php","meta":{"_monsterinsights_skip_tracking":false,"_monsterinsights_sitenote_active":false,"_monsterinsights_sitenote_note":"","_monsterinsights_sitenote_category":0,"footnotes":""},"class_list":["post-93","page","type-page","status-publish","hentry"],"aioseo_notices":[],"_links":{"self":[{"href":"https:\/\/centre-bellissima.ma\/index.php\/wp-json\/wp\/v2\/pages\/93","targetHints":{"allow":["GET"]}}],"collection":[{"href":"https:\/\/centre-bellissima.ma\/index.php\/wp-json\/wp\/v2\/pages"}],"about":[{"href":"https:\/\/centre-bellissima.ma\/index.php\/wp-json\/wp\/v2\/types\/page"}],"author":[{"embeddable":true,"href":"https:\/\/centre-bellissima.ma\/index.php\/wp-json\/wp\/v2\/users\/1"}],"replies":[{"embeddable":true,"href":"https:\/\/centre-bellissima.ma\/index.php\/wp-json\/wp\/v2\/comments?post=93"}],"version-history":[{"count":26,"href":"https:\/\/centre-bellissima.ma\/index.php\/wp-json\/wp\/v2\/pages\/93\/revisions"}],"predecessor-version":[{"id":6282,"href":"https:\/\/centre-bellissima.ma\/index.php\/wp-json\/wp\/v2\/pages\/93\/revisions\/6282"}],"wp:attachment":[{"href":"https:\/\/centre-bellissima.ma\/index.php\/wp-json\/wp\/v2\/media?parent=93"}],"curies":[{"name":"wp","href":"https:\/\/api.w.org\/{rel}","templated":true}]}}