{"id":6236,"date":"2024-09-27T23:03:29","date_gmt":"2024-09-27T23:03:29","guid":{"rendered":"https:\/\/centre-bellissima.ma\/?page_id=6236"},"modified":"2024-09-27T23:10:59","modified_gmt":"2024-09-27T23:10:59","slug":"epilation-laser","status":"publish","type":"page","link":"https:\/\/centre-bellissima.ma\/index.php\/epilation-laser\/","title":{"rendered":"EPILATION LASER"},"content":{"rendered":"\t\t<div data-elementor-type=\"wp-page\" data-elementor-id=\"6236\" class=\"elementor elementor-6236\">\n\t\t\t\t\t\t<section class=\"elementor-section elementor-top-section elementor-element elementor-element-a974723 elementor-section-full_width elementor-section-height-default elementor-section-height-default\" data-id=\"a974723\" data-element_type=\"section\" data-e-type=\"section\">\n\t\t\t\t\t\t<div class=\"elementor-container elementor-column-gap-no\">\n\t\t\t\t\t<div class=\"elementor-column elementor-col-100 elementor-top-column elementor-element elementor-element-ceb8e48\" data-id=\"ceb8e48\" data-element_type=\"column\" data-e-type=\"column\">\n\t\t\t<div class=\"elementor-widget-wrap elementor-element-populated\">\n\t\t\t\t\t\t<section class=\"elementor-section elementor-inner-section elementor-element elementor-element-14e6d8e elementor-reverse-tablet elementor-reverse-mobile elementor-section-boxed elementor-section-height-default elementor-section-height-default\" data-id=\"14e6d8e\" data-element_type=\"section\" data-e-type=\"section\">\n\t\t\t\t\t\t<div class=\"elementor-container elementor-column-gap-no\">\n\t\t\t\t\t<div class=\"elementor-column elementor-col-100 elementor-inner-column elementor-element elementor-element-b39d199\" data-id=\"b39d199\" data-element_type=\"column\" data-e-type=\"column\">\n\t\t\t<div class=\"elementor-widget-wrap elementor-element-populated\">\n\t\t\t\t\t\t<div class=\"elementor-element elementor-element-3097ebc elementor-widget elementor-widget-wellnezimagebox\" data-id=\"3097ebc\" data-element_type=\"widget\" data-e-type=\"widget\" data-settings=\"{&quot;per_line&quot;:&quot;12&quot;,&quot;per_line_tablet&quot;:&quot;12&quot;,&quot;per_line_mobile&quot;:&quot;12&quot;}\" data-widget_type=\"wellnezimagebox.default\">\n\t\t\t\t<div class=\"elementor-widget-container\">\n\t\t\t\t\t\r\n\t\t\t\r\n\t\t\t\t\t\t\t<div class=\"row gy-gx justify-content-between\">\r\n\t\t\t\t\t\t\t\t\t\t\t<div class=\"col-lg-12 col-md-12 col-sm-12 col-lg\">\r\n\t\t\t\t\t\t\t<div class=\"gallery-style1 mega-hover \">\r\n\t\t\t\t\t\t\t\t<div class=\"gallery-img \" >\r\n\t\t\t\t\t\t\t\t\t<a href=\"#\">\r\n\t\t\t\t\t\t\t\t\t\t<img decoding=\"async\" src=\"https:\/\/centre-bellissima.ma\/wp-content\/uploads\/2024\/09\/Untitleddesign_7.jpg\" alt=\"gallery\"  \/>\t\t\t\t\t\t\t\t\t<\/a>\r\n\t\t\t\t\t\t\t\t<\/div>\r\n\t\t\t\t\t\t\t<\/div>\r\n\t\t\t\t\t\t<\/div>\r\n\t\t\t\t\t\t\t\t\t<\/div>\r\n\t\t\t\t\t\t\t\t\t<\/div>\n\t\t\t\t<\/div>\n\t\t\t\t<div class=\"elementor-element elementor-element-1a8e873 elementor-widget elementor-widget-heading\" data-id=\"1a8e873\" data-element_type=\"widget\" data-e-type=\"widget\" data-widget_type=\"heading.default\">\n\t\t\t\t<div class=\"elementor-widget-container\">\n\t\t\t\t\t<h4 class=\"elementor-heading-title elementor-size-default\">L\u2019\u00e9pilation au laser Diode chez centre bellissima<\/h4>\t\t\t\t<\/div>\n\t\t\t\t<\/div>\n\t\t\t\t<div class=\"elementor-element elementor-element-3534da3 elementor-widget elementor-widget-text-editor\" data-id=\"3534da3\" data-element_type=\"widget\" data-e-type=\"widget\" data-widget_type=\"text-editor.default\">\n\t\t\t\t<div class=\"elementor-widget-container\">\n\t\t\t\t\t\t\t\t\t<div class=\"gauche marge_bas bloc_100\"><p>Cet appareil produit une longueur d\u2019onde invisible \u00e0 l\u2019\u0153il nue qui cible la m\u00e9lanine du poil (sa couleur). La concentration de la lumi\u00e8re du laser est transform\u00e9e en chaleur \u00e0 la base du follicule pileux. Celui-ci est volatilis\u00e9 ainsi que ses terminaisons germinatives : le poil ne repoussera plus.<\/p><p>Comme toujours avec l\u2019\u00e9pilation laser, les follicules pileux d\u00e9truits sont ceux qui sont en phase de croissance du poil. Ceux qui ne sont pas en phase de pousse seront \u00e9galement d\u00e9truits mais pas d\u00e9finitivement car les structures qui le nourrissent ne sont pas d\u00e9truites.<\/p><p>Pour en savoir plus sur le cycle pilaire, cliquez ici.<\/p><p>Pour constater une \u00e9pilation d\u00e9finitive d\u2019une zone, il faut donc que tous les poils soient touch\u00e9s par le laser au moins une fois dans leur phase de croissance. D\u2019o\u00f9 la n\u00e9cessit\u00e9 de r\u00e9p\u00e9ter les s\u00e9ances dans un intervalle bien pr\u00e9cis suivant la zone \u00e0 \u00e9piler.<\/p><p>Une fois d\u00e9truit, le poil va ressortir et tomber tout seul dans les deux semaines qui suivent le traitement. Cette chute \u00e0 distance du poil est tout \u00e0 fait normale et typique de l\u2019\u00e9pilation au laser diode.<\/p><\/div><div class=\"gauche bloc_100 marge_bas\"><header class=\"h2\"><h5><strong>Les avantages du laser diode par rapport aux autres lasers<\/strong><\/h5><\/header><\/div><div class=\"gauche marge_bas bloc_100\"><ul><li>C\u2019est laser polyvalent qui permet d\u2019\u00e9piler tous les phototypes de peaux gr\u00e2ce la gestion affin\u00e9e de son temps de tir et de son mode par cumul d\u2019\u00e9nergie.<\/li><li>Les derni\u00e8res g\u00e9n\u00e9rations de laser diode permettent un traitement sans douleur.<\/li><li>Ce laser permet de traiter toutes les zones pour les femmes et les hommes y compris les poils fins.<\/li><\/ul><\/div><div class=\"gauche bloc_100 marge_bas\"><header class=\"h2\"><h5><strong>Votre s\u00e9ance d\u2019\u00e9pilation au laser diode<\/strong><\/h5><\/header><\/div><div class=\"gauche marge_bas bloc_100\"><p>Elle est d\u2019une dur\u00e9e variable suivant les zones \u00e0 \u00e9piler. On constate le plus souvent des rougeurs sur la peau juste apr\u00e8s le traitement qui disparaissent rapidement. Un micro eryth\u00e8me-\u0153d\u00e8me encercle le follicule pileux ce qui est tout \u00e0 fait normal et t\u00e9moigne de l\u2019efficacit\u00e9 de la s\u00e9ance. Ces effets disparaissent en quelques heures. Nous recommandons d\u2019utiliser le baume r\u00e9parateur Universkin afin d\u2019optimiser la r\u00e9cup\u00e9ration de la peau apr\u00e8s chaque traitement.<\/p><p>L\u2019optimisation de votre s\u00e9ance sera pleine en respectant les consignes suivantes :<\/p><ul><li>Raser le poil la veille de la s\u00e9ance pour faciliter la concentration d\u2019\u00e9nergie sur le follicule pileux.<\/li><li>Se pr\u00e9senter sans bronzage afin de pr\u00e9senter le meilleur contraste possible entre la peau et la couleur des poils.<\/li><li>Respecter le planning du traitement et les espacements entre les s\u00e9ances conseill\u00e9es par votre m\u00e9decin de mani\u00e8re \u00e0 toucher tous les poils de la zone en phase de croissance.<\/li><li>Ne pas d\u00e9colorer le poil afin que le tir du laser puisse \u00eatre guid\u00e9 par la m\u00e9lanine du poil.<\/li><li>Ne pas \u00e9piler le poil ni \u00e0 la pince ni \u00e0 la cr\u00e8me d\u00e9pilatoire pour que le poil se pr\u00e9sente normalement lors du passage du laser.<\/li><\/ul><p><em>Vous \u00eates int\u00e9ress\u00e9e par des s\u00e9ances d&#8217;\u00e9pilation laser <\/em><em>?\u00a0<a href=\"https:\/\/centre-bellissima.ma\/index.php\/appointment\/\"><u>Prenez rendez-vous<\/u><\/a>\u00a0d\u00e8s maintenant.<\/em><\/p><\/div>\t\t\t\t\t\t\t\t<\/div>\n\t\t\t\t<\/div>\n\t\t\t\t\t<\/div>\n\t\t<\/div>\n\t\t\t\t\t<\/div>\n\t\t<\/section>\n\t\t\t\t\t<\/div>\n\t\t<\/div>\n\t\t\t\t\t<\/div>\n\t\t<\/section>\n\t\t\t\t<\/div>\n\t\t","protected":false},"excerpt":{"rendered":"<p>L\u2019\u00e9pilation au laser Diode chez centre bellissima Cet appareil produit une longueur d\u2019onde invisible \u00e0 l\u2019\u0153il nue qui cible la m\u00e9lanine du poil (sa couleur). La concentration de la lumi\u00e8re du laser est transform\u00e9e en chaleur \u00e0 la base du follicule pileux. Celui-ci est volatilis\u00e9 ainsi que ses terminaisons germinatives : le poil ne repoussera&#8230;<\/p>\n","protected":false},"author":1,"featured_media":0,"parent":0,"menu_order":0,"comment_status":"closed","ping_status":"closed","template":"elementor_header_footer","meta":{"_monsterinsights_skip_tracking":false,"_monsterinsights_sitenote_active":false,"_monsterinsights_sitenote_note":"","_monsterinsights_sitenote_category":0,"footnotes":""},"class_list":["post-6236","page","type-page","status-publish","hentry"],"aioseo_notices":[],"_links":{"self":[{"href":"https:\/\/centre-bellissima.ma\/index.php\/wp-json\/wp\/v2\/pages\/6236","targetHints":{"allow":["GET"]}}],"collection":[{"href":"https:\/\/centre-bellissima.ma\/index.php\/wp-json\/wp\/v2\/pages"}],"about":[{"href":"https:\/\/centre-bellissima.ma\/index.php\/wp-json\/wp\/v2\/types\/page"}],"author":[{"embeddable":true,"href":"https:\/\/centre-bellissima.ma\/index.php\/wp-json\/wp\/v2\/users\/1"}],"replies":[{"embeddable":true,"href":"https:\/\/centre-bellissima.ma\/index.php\/wp-json\/wp\/v2\/comments?post=6236"}],"version-history":[{"count":4,"href":"https:\/\/centre-bellissima.ma\/index.php\/wp-json\/wp\/v2\/pages\/6236\/revisions"}],"predecessor-version":[{"id":6240,"href":"https:\/\/centre-bellissima.ma\/index.php\/wp-json\/wp\/v2\/pages\/6236\/revisions\/6240"}],"wp:attachment":[{"href":"https:\/\/centre-bellissima.ma\/index.php\/wp-json\/wp\/v2\/media?parent=6236"}],"curies":[{"name":"wp","href":"https:\/\/api.w.org\/{rel}","templated":true}]}}