{"id":6225,"date":"2024-09-27T22:49:04","date_gmt":"2024-09-27T22:49:04","guid":{"rendered":"https:\/\/centre-bellissima.ma\/?page_id=6225"},"modified":"2024-09-28T23:04:24","modified_gmt":"2024-09-28T23:04:24","slug":"pressotherapie","status":"publish","type":"page","link":"https:\/\/centre-bellissima.ma\/index.php\/pressotherapie\/","title":{"rendered":"PRESSOTHERAPIE"},"content":{"rendered":"\t\t<div data-elementor-type=\"wp-page\" data-elementor-id=\"6225\" class=\"elementor elementor-6225\">\n\t\t\t\t\t\t<section class=\"elementor-section elementor-top-section elementor-element elementor-element-a974723 elementor-section-full_width elementor-section-height-default elementor-section-height-default\" data-id=\"a974723\" data-element_type=\"section\" data-e-type=\"section\">\n\t\t\t\t\t\t<div class=\"elementor-container elementor-column-gap-no\">\n\t\t\t\t\t<div class=\"elementor-column elementor-col-100 elementor-top-column elementor-element elementor-element-ceb8e48\" data-id=\"ceb8e48\" data-element_type=\"column\" data-e-type=\"column\">\n\t\t\t<div class=\"elementor-widget-wrap elementor-element-populated\">\n\t\t\t\t\t\t<div class=\"elementor-element elementor-element-417e3d8 elementor-widget elementor-widget-image\" data-id=\"417e3d8\" data-element_type=\"widget\" data-e-type=\"widget\" data-widget_type=\"image.default\">\n\t\t\t\t<div class=\"elementor-widget-container\">\n\t\t\t\t\t\t\t\t\t\t\t\t\t\t\t<img fetchpriority=\"high\" decoding=\"async\" width=\"1536\" height=\"1024\" src=\"https:\/\/centre-bellissima.ma\/wp-content\/uploads\/2024\/09\/pressotherapie-cellulite-1536x1024-1.jpg\" class=\"attachment-full size-full wp-image-6232\" alt=\"\" srcset=\"https:\/\/centre-bellissima.ma\/wp-content\/uploads\/2024\/09\/pressotherapie-cellulite-1536x1024-1.jpg 1536w, https:\/\/centre-bellissima.ma\/wp-content\/uploads\/2024\/09\/pressotherapie-cellulite-1536x1024-1-300x200.jpg 300w, https:\/\/centre-bellissima.ma\/wp-content\/uploads\/2024\/09\/pressotherapie-cellulite-1536x1024-1-1024x683.jpg 1024w, https:\/\/centre-bellissima.ma\/wp-content\/uploads\/2024\/09\/pressotherapie-cellulite-1536x1024-1-768x512.jpg 768w, https:\/\/centre-bellissima.ma\/wp-content\/uploads\/2024\/09\/pressotherapie-cellulite-1536x1024-1-600x400.jpg 600w\" sizes=\"(max-width: 1536px) 100vw, 1536px\" \/>\t\t\t\t\t\t\t\t\t\t\t\t\t\t\t<\/div>\n\t\t\t\t<\/div>\n\t\t\t\t<section class=\"elementor-section elementor-inner-section elementor-element elementor-element-14e6d8e elementor-reverse-tablet elementor-reverse-mobile elementor-section-boxed elementor-section-height-default elementor-section-height-default\" data-id=\"14e6d8e\" data-element_type=\"section\" data-e-type=\"section\">\n\t\t\t\t\t\t<div class=\"elementor-container elementor-column-gap-no\">\n\t\t\t\t\t<div class=\"elementor-column elementor-col-100 elementor-inner-column elementor-element elementor-element-b39d199\" data-id=\"b39d199\" data-element_type=\"column\" data-e-type=\"column\">\n\t\t\t<div class=\"elementor-widget-wrap elementor-element-populated\">\n\t\t\t\t\t\t<div class=\"elementor-element elementor-element-0770123 elementor-widget elementor-widget-heading\" data-id=\"0770123\" data-element_type=\"widget\" data-e-type=\"widget\" data-widget_type=\"heading.default\">\n\t\t\t\t<div class=\"elementor-widget-container\">\n\t\t\t\t\t<h4 class=\"elementor-heading-title elementor-size-default\">Lib\u00e9rez-vous de la r\u00e9tention d'eau et revitalisez votre circulation avec notre traitement de pressoth\u00e9rapie.<\/h4>\t\t\t\t<\/div>\n\t\t\t\t<\/div>\n\t\t\t\t<div class=\"elementor-element elementor-element-3534da3 elementor-widget elementor-widget-text-editor\" data-id=\"3534da3\" data-element_type=\"widget\" data-e-type=\"widget\" data-widget_type=\"text-editor.default\">\n\t\t\t\t<div class=\"elementor-widget-container\">\n\t\t\t\t\t\t\t\t\t<p>La pressoth\u00e9rapie est une technique qui utilise des bottes ou des manchons gonflables pour exercer une pression altern\u00e9e sur les membres du corps. Cette pression stimule la circulation lymphatique, favorisant ainsi l\u2019\u00e9limination des toxines et de l\u2019exc\u00e8s de liquide.<\/p><p><strong>Avantages :<\/strong><\/p><ul><li>Am\u00e9lioration de la circulation lymphatique<\/li><li>R\u00e9duction de la r\u00e9tention d\u2019eau et de la cellulite<\/li><li>D\u00e9tente et soulagement des jambes lourdes<\/li><\/ul><p><strong>Protocole :<\/strong><\/p><ul><li>Consultation initiale pour \u00e9valuer les besoins<\/li><li>Port des bottes ou manchons pendant la s\u00e9ance<\/li><li>S\u00e9ance de drainage lymphatique<\/li><\/ul><p><strong>Bienfaits :<\/strong><\/p><ul><li>\u00c9limination des toxines et des d\u00e9chets m\u00e9taboliques<\/li><li>R\u00e9duction de la sensation de jambes lourdes<\/li><li>Am\u00e9lioration de la circulation sanguine<\/li><\/ul><p><em>Vous \u00eates int\u00e9ress\u00e9(e) par des s\u00e9ances de pressoth\u00e9rapie ? <a href=\"https:\/\/centre-bellissima.ma\/index.php\/appointment\/\"><u>Prenez rendez-vous<\/u><\/a>\u00a0d\u00e8s maintenant.<\/em><\/p>\t\t\t\t\t\t\t\t<\/div>\n\t\t\t\t<\/div>\n\t\t\t\t\t<\/div>\n\t\t<\/div>\n\t\t\t\t\t<\/div>\n\t\t<\/section>\n\t\t\t\t\t<\/div>\n\t\t<\/div>\n\t\t\t\t\t<\/div>\n\t\t<\/section>\n\t\t\t\t<\/div>\n\t\t","protected":false},"excerpt":{"rendered":"<p>Lib\u00e9rez-vous de la r\u00e9tention d&#8217;eau et revitalisez votre circulation avec notre traitement de pressoth\u00e9rapie. La pressoth\u00e9rapie est une technique qui utilise des bottes ou des manchons gonflables pour exercer une pression altern\u00e9e sur les membres du corps. Cette pression stimule la circulation lymphatique, favorisant ainsi l\u2019\u00e9limination des toxines et de l\u2019exc\u00e8s de liquide. Avantages :&#8230;<\/p>\n","protected":false},"author":1,"featured_media":0,"parent":0,"menu_order":0,"comment_status":"closed","ping_status":"closed","template":"elementor_header_footer","meta":{"_monsterinsights_skip_tracking":false,"_monsterinsights_sitenote_active":false,"_monsterinsights_sitenote_note":"","_monsterinsights_sitenote_category":0,"footnotes":""},"class_list":["post-6225","page","type-page","status-publish","hentry"],"aioseo_notices":[],"_links":{"self":[{"href":"https:\/\/centre-bellissima.ma\/index.php\/wp-json\/wp\/v2\/pages\/6225","targetHints":{"allow":["GET"]}}],"collection":[{"href":"https:\/\/centre-bellissima.ma\/index.php\/wp-json\/wp\/v2\/pages"}],"about":[{"href":"https:\/\/centre-bellissima.ma\/index.php\/wp-json\/wp\/v2\/types\/page"}],"author":[{"embeddable":true,"href":"https:\/\/centre-bellissima.ma\/index.php\/wp-json\/wp\/v2\/users\/1"}],"replies":[{"embeddable":true,"href":"https:\/\/centre-bellissima.ma\/index.php\/wp-json\/wp\/v2\/comments?post=6225"}],"version-history":[{"count":10,"href":"https:\/\/centre-bellissima.ma\/index.php\/wp-json\/wp\/v2\/pages\/6225\/revisions"}],"predecessor-version":[{"id":6289,"href":"https:\/\/centre-bellissima.ma\/index.php\/wp-json\/wp\/v2\/pages\/6225\/revisions\/6289"}],"wp:attachment":[{"href":"https:\/\/centre-bellissima.ma\/index.php\/wp-json\/wp\/v2\/media?parent=6225"}],"curies":[{"name":"wp","href":"https:\/\/api.w.org\/{rel}","templated":true}]}}