{"id":5877,"date":"2024-09-17T19:19:40","date_gmt":"2024-09-17T19:19:40","guid":{"rendered":"https:\/\/centre-bellissima.ma\/?page_id=5877"},"modified":"2024-09-17T21:21:14","modified_gmt":"2024-09-17T21:21:14","slug":"soin-hydrafacial","status":"publish","type":"page","link":"https:\/\/centre-bellissima.ma\/index.php\/soin-hydrafacial\/","title":{"rendered":"Soin hydrafacial"},"content":{"rendered":"\t\t<div data-elementor-type=\"wp-page\" data-elementor-id=\"5877\" class=\"elementor elementor-5877\">\n\t\t\t\t\t\t<section class=\"elementor-section elementor-top-section elementor-element elementor-element-a974723 elementor-section-full_width elementor-section-height-default elementor-section-height-default\" data-id=\"a974723\" data-element_type=\"section\" data-e-type=\"section\">\n\t\t\t\t\t\t<div class=\"elementor-container elementor-column-gap-no\">\n\t\t\t\t\t<div class=\"elementor-column elementor-col-100 elementor-top-column elementor-element elementor-element-ceb8e48\" data-id=\"ceb8e48\" data-element_type=\"column\" data-e-type=\"column\">\n\t\t\t<div class=\"elementor-widget-wrap elementor-element-populated\">\n\t\t\t\t\t\t<section class=\"elementor-section elementor-inner-section elementor-element elementor-element-14e6d8e elementor-reverse-tablet elementor-reverse-mobile elementor-section-boxed elementor-section-height-default elementor-section-height-default\" data-id=\"14e6d8e\" data-element_type=\"section\" data-e-type=\"section\">\n\t\t\t\t\t\t<div class=\"elementor-container elementor-column-gap-no\">\n\t\t\t\t\t<div class=\"elementor-column elementor-col-100 elementor-inner-column elementor-element elementor-element-b39d199\" data-id=\"b39d199\" data-element_type=\"column\" data-e-type=\"column\">\n\t\t\t<div class=\"elementor-widget-wrap elementor-element-populated\">\n\t\t\t\t\t\t<div class=\"elementor-element elementor-element-3097ebc elementor-widget elementor-widget-wellnezimagebox\" data-id=\"3097ebc\" data-element_type=\"widget\" data-e-type=\"widget\" data-settings=\"{&quot;per_line&quot;:&quot;12&quot;,&quot;per_line_tablet&quot;:&quot;12&quot;,&quot;per_line_mobile&quot;:&quot;12&quot;}\" data-widget_type=\"wellnezimagebox.default\">\n\t\t\t\t<div class=\"elementor-widget-container\">\n\t\t\t\t\t\r\n\t\t\t\r\n\t\t\t\t\t\t\t<div class=\"row gy-gx justify-content-between\">\r\n\t\t\t\t\t\t\t\t\t\t\t<div class=\"col-lg-12 col-md-12 col-sm-12 col-lg\">\r\n\t\t\t\t\t\t\t<div class=\"gallery-style1 mega-hover \">\r\n\t\t\t\t\t\t\t\t<div class=\"gallery-img \" >\r\n\t\t\t\t\t\t\t\t\t<a href=\"#\">\r\n\t\t\t\t\t\t\t\t\t\t<img decoding=\"async\" src=\"https:\/\/centre-bellissima.ma\/wp-content\/uploads\/2024\/09\/hydrafacial.jpg\" alt=\"gallery\"  \/>\t\t\t\t\t\t\t\t\t<\/a>\r\n\t\t\t\t\t\t\t\t<\/div>\r\n\t\t\t\t\t\t\t<\/div>\r\n\t\t\t\t\t\t<\/div>\r\n\t\t\t\t\t\t\t\t\t<\/div>\r\n\t\t\t\t\t\t\t\t\t<\/div>\n\t\t\t\t<\/div>\n\t\t\t\t<div class=\"elementor-element elementor-element-3534da3 elementor-widget elementor-widget-text-editor\" data-id=\"3534da3\" data-element_type=\"widget\" data-e-type=\"widget\" data-widget_type=\"text-editor.default\">\n\t\t\t\t<div class=\"elementor-widget-container\">\n\t\t\t\t\t\t\t\t\t<h5 id=\"h-qu-est-ce-que-l-hydrafacial\" class=\"wp-block-heading\"><strong>Qu\u2019est-ce que l\u2019Hydrafacial ?<\/strong><\/h5><p>HydraFacial est tellement plus qu\u2019un simple soin du visage.\u00a0C\u2019est une exp\u00e9rience. Un moment de plaisir. Et un booster de confiance.\u00a0Il est bas\u00e9 sur la philosophie unique de \u00abSkin Health for Life\u00bb.\u00a0Mais il s\u2019agit \u00e9galement de beaucoup plus que d\u2019une belle peau en bonne sant\u00e9.\u00a0Lorsque notre peau est belle , nous nous sentons bien \u00e0 l\u2019int\u00e9rieur.C\u2019est la diff\u00e9rence que vous obtenez avec un HydraFacial: un bien \u00eatre total.\u00a0<\/p><p>HydraFacial utilise la technologie de vortex brevet\u00e9e pour nettoyer la peau en profondeur et apporter efficacement des ingr\u00e9dients botaniques contenant des \u00e9l\u00e9ments nutritifs tels que l\u2019acide hyaluronique, l\u2019extrait de p\u00e9pins de marronnier d\u2019Inde, l\u2019extrait d\u2019algue rouge, les peptides de cuivre, de zinc et de magn\u00e9sium, l\u00e0 o\u00f9 ils sont les plus b\u00e9n\u00e9fiques. En outre, HydraFacial fournit \u00e9galement de puissants antioxydants pour lutter contre les dommages caus\u00e9s par les radicaux libres \u2013 pollution, soleil et stress \u2013 qui peuvent d\u00e9grader la peau et acc\u00e9l\u00e9rer le processus de vieillissement.<\/p><p>Alors, pour une peau saine \u00e0 long terme et un teint \u00e9clatant, pourquoi opter pour un soin du visage ordinaire, lorsque vous pouvez choisir un HydraFacial?<\/p><h5 id=\"h-quelles-sont-les-indications-du-soin-hydrafacial\" class=\"wp-block-heading\"><strong>Quelles sont les indications du soin Hydrafacial ?<\/strong><\/h5><ul class=\"wp-block-list\"><li>\u00c9lasticit\u00e9 et fermet\u00e9<\/li><li>Teint unifi\u00e9 et vitalit\u00e9<\/li><li>Grain de peau<\/li><li>Taches brunes<\/li><li>Peaux grasses et congestionn\u00e9es<\/li><li>Pores dilat\u00e9s<\/li><li>Rides et ridules<\/li><\/ul><h5 id=\"h-quelles-sont-les-etapes-du-soin-hydrafacial\" class=\"wp-block-heading\"><strong>Quelles sont les \u00e9tapes du soin Hydrafacial ?<\/strong><\/h5><p><strong>ETAPE\u00a0<\/strong><strong>1\u00a0<\/strong><strong>: NETTOYAGE ET EXFOLIATION<\/strong><\/p><p>Un s\u00e9rum nettoyant est appliqu\u00e9 sur votre visage tandis que la pointe en spirale \u00e9limine les cellules mortes de la peau. Cela pr\u00e9pare celle-ci aux \u00e9tapes suivantes du traitement.\u00a0Notre solution cutan\u00e9e multi-actions nettoie la peau en profondeur tout en adoucissant le s\u00e9bum, les huiles et les impuret\u00e9s pour faciliter les extractions.. Une perc\u00e9e cosm\u00e9ceutique pour le rajeunissement de la peau cr\u00e9\u00e9e pour tous les types de peau.<\/p><p><strong>ETAPE 2: PEELING L\u00c9GER<\/strong><\/p><p>Une solution d\u2019acide glycolique et salicylique \u00e0 faible pourcentage lib\u00e8re ensuite les impuret\u00e9s et les d\u00e9bris log\u00e9s dans les pores. Ne vous inqui\u00e9tez pas, le peeling d\u2019acide glycolique \/ salicylique est suffisamment doux pour \u00e9viter au maximum les picotements d\u00e9sagr\u00e9ables.<\/p><p><strong>ETAPE 3: EXTRACTION<\/strong><\/p><p>En utilisant une aspiration sous vide, le dispositif HydraFacial MD\u00ae \u00e9limine ensuite les impuret\u00e9s et les d\u00e9bris directement \u00e0 partir du pore. Finis les pincements et les coups sur le visage!<\/p><p>Si vous \u00eates le genre de personne qui aime voir ce qui sort de vos pores obstru\u00e9s, c\u2019est la partie du traitement que vous allez adorer. Au lieu d\u2019effectuer des extractions manuelles, le technicien utilise un outil assez sophistiqu\u00e9 qui agit comme un aspirateur. Le son de succion qu\u2019il produit est \u00e9trangement satisfaisant, mais le meilleur (ou le pire?) est le r\u00e9servoir de la machine qui montre exactement ce qui a \u00e9t\u00e9 extrait \u2013 et c\u2019est plus que vous ne le pensez.<\/p><p><strong>ETAPE 4: HYDRATATION\u00a0<\/strong><strong>INSTANTAN\u00c9E<\/strong><\/p><p>Maintenant que votre peau est nette, l\u2019HydraFacial MD\u00ae d\u00e9livre des peptides et des antioxydants pour une hydratation instantan\u00e9e. Vous pouvez \u00e9galement ajouter un booster anti-rides ou anti-acn\u00e9 adapt\u00e9 \u00e0 votre peau.<\/p><p><strong>ETAPE 5 : OXYGENE ET LUMINOTHERAPIE<\/strong><\/p><p>La bulle Oxyface est ensuite plac\u00e9e au dessus du visage, diffusant de la lumi\u00e8re de diff\u00e9rentes longueurs d\u2019ondes selon l\u2019indication \u00e0 traiter et insufflant \u00e9galement de l\u2019oxyg\u00e8ne pur \u00e0 90%. Cette \u00e9tape est exclusivement r\u00e9alis\u00e9e dans les centres Lazeo et rend votre soin Hydrafacial unique !<\/p><p><em>Pour b\u00e9n\u00e9ficier d&#8217;un soin hydrafacial <a href=\"https:\/\/centre-bellissima.ma\/index.php\/appointment\/\"><u>Prenez rendez-vous<\/u><\/a>\u00a0d\u00e8s maintenant.<\/em><\/p>\t\t\t\t\t\t\t\t<\/div>\n\t\t\t\t<\/div>\n\t\t\t\t\t<\/div>\n\t\t<\/div>\n\t\t\t\t\t<\/div>\n\t\t<\/section>\n\t\t\t\t\t<\/div>\n\t\t<\/div>\n\t\t\t\t\t<\/div>\n\t\t<\/section>\n\t\t\t\t<\/div>\n\t\t","protected":false},"excerpt":{"rendered":"<p>Qu\u2019est-ce que l\u2019Hydrafacial ? HydraFacial est tellement plus qu\u2019un simple soin du visage.\u00a0C\u2019est une exp\u00e9rience. Un moment de plaisir. Et un booster de confiance.\u00a0Il est bas\u00e9 sur la philosophie unique de \u00abSkin Health for Life\u00bb.\u00a0Mais il s\u2019agit \u00e9galement de beaucoup plus que d\u2019une belle peau en bonne sant\u00e9.\u00a0Lorsque notre peau est belle , nous nous&#8230;<\/p>\n","protected":false},"author":1,"featured_media":0,"parent":0,"menu_order":0,"comment_status":"closed","ping_status":"closed","template":"elementor_header_footer","meta":{"_monsterinsights_skip_tracking":false,"_monsterinsights_sitenote_active":false,"_monsterinsights_sitenote_note":"","_monsterinsights_sitenote_category":0,"footnotes":""},"class_list":["post-5877","page","type-page","status-publish","hentry"],"aioseo_notices":[],"_links":{"self":[{"href":"https:\/\/centre-bellissima.ma\/index.php\/wp-json\/wp\/v2\/pages\/5877","targetHints":{"allow":["GET"]}}],"collection":[{"href":"https:\/\/centre-bellissima.ma\/index.php\/wp-json\/wp\/v2\/pages"}],"about":[{"href":"https:\/\/centre-bellissima.ma\/index.php\/wp-json\/wp\/v2\/types\/page"}],"author":[{"embeddable":true,"href":"https:\/\/centre-bellissima.ma\/index.php\/wp-json\/wp\/v2\/users\/1"}],"replies":[{"embeddable":true,"href":"https:\/\/centre-bellissima.ma\/index.php\/wp-json\/wp\/v2\/comments?post=5877"}],"version-history":[{"count":10,"href":"https:\/\/centre-bellissima.ma\/index.php\/wp-json\/wp\/v2\/pages\/5877\/revisions"}],"predecessor-version":[{"id":5889,"href":"https:\/\/centre-bellissima.ma\/index.php\/wp-json\/wp\/v2\/pages\/5877\/revisions\/5889"}],"wp:attachment":[{"href":"https:\/\/centre-bellissima.ma\/index.php\/wp-json\/wp\/v2\/media?parent=5877"}],"curies":[{"name":"wp","href":"https:\/\/api.w.org\/{rel}","templated":true}]}}