{"id":5815,"date":"2024-09-17T13:58:33","date_gmt":"2024-09-17T13:58:33","guid":{"rendered":"https:\/\/centre-bellissima.ma\/?page_id=5815"},"modified":"2024-09-17T14:03:55","modified_gmt":"2024-09-17T14:03:55","slug":"btl-x-wave","status":"publish","type":"page","link":"https:\/\/centre-bellissima.ma\/index.php\/btl-x-wave\/","title":{"rendered":"BTL X-WAVE"},"content":{"rendered":"\t\t<div data-elementor-type=\"wp-page\" data-elementor-id=\"5815\" class=\"elementor elementor-5815\">\n\t\t\t\t\t\t<section class=\"elementor-section elementor-top-section elementor-element elementor-element-a974723 elementor-section-full_width elementor-section-height-default elementor-section-height-default\" data-id=\"a974723\" data-element_type=\"section\" data-e-type=\"section\">\n\t\t\t\t\t\t<div class=\"elementor-container elementor-column-gap-no\">\n\t\t\t\t\t<div class=\"elementor-column elementor-col-100 elementor-top-column elementor-element elementor-element-ceb8e48\" data-id=\"ceb8e48\" data-element_type=\"column\" data-e-type=\"column\">\n\t\t\t<div class=\"elementor-widget-wrap elementor-element-populated\">\n\t\t\t\t\t\t<section class=\"elementor-section elementor-inner-section elementor-element elementor-element-14e6d8e elementor-reverse-tablet elementor-reverse-mobile elementor-section-boxed elementor-section-height-default elementor-section-height-default\" data-id=\"14e6d8e\" data-element_type=\"section\" data-e-type=\"section\">\n\t\t\t\t\t\t<div class=\"elementor-container elementor-column-gap-no\">\n\t\t\t\t\t<div class=\"elementor-column elementor-col-100 elementor-inner-column elementor-element elementor-element-b39d199\" data-id=\"b39d199\" data-element_type=\"column\" data-e-type=\"column\">\n\t\t\t<div class=\"elementor-widget-wrap elementor-element-populated\">\n\t\t\t\t\t\t<div class=\"elementor-element elementor-element-3097ebc elementor-widget elementor-widget-wellnezimagebox\" data-id=\"3097ebc\" data-element_type=\"widget\" data-e-type=\"widget\" data-settings=\"{&quot;per_line&quot;:&quot;12&quot;,&quot;per_line_tablet&quot;:&quot;12&quot;,&quot;per_line_mobile&quot;:&quot;12&quot;}\" data-widget_type=\"wellnezimagebox.default\">\n\t\t\t\t<div class=\"elementor-widget-container\">\n\t\t\t\t\t\r\n\t\t\t\r\n\t\t\t\t\t\t\t<div class=\"row gy-gx justify-content-between\">\r\n\t\t\t\t\t\t\t\t\t\t\t<div class=\"col-lg-12 col-md-12 col-sm-12 col-lg\">\r\n\t\t\t\t\t\t\t<div class=\"gallery-style1 mega-hover \">\r\n\t\t\t\t\t\t\t\t<div class=\"gallery-img \" >\r\n\t\t\t\t\t\t\t\t\t<a href=\"#\">\r\n\t\t\t\t\t\t\t\t\t\t<img decoding=\"async\" src=\"https:\/\/centre-bellissima.ma\/wp-content\/uploads\/2024\/09\/Novaderm-BTL-Exilis-and-X-Wave-qh20bjn29nrz0op2aag613mqhw0e3vgiawy7df3p9c.jpg\" alt=\"gallery\"  \/>\t\t\t\t\t\t\t\t\t<\/a>\r\n\t\t\t\t\t\t\t\t<\/div>\r\n\t\t\t\t\t\t\t<\/div>\r\n\t\t\t\t\t\t<\/div>\r\n\t\t\t\t\t\t\t\t\t<\/div>\r\n\t\t\t\t\t\t\t\t\t<\/div>\n\t\t\t\t<\/div>\n\t\t\t\t<div class=\"elementor-element elementor-element-1a8e873 elementor-widget elementor-widget-heading\" data-id=\"1a8e873\" data-element_type=\"widget\" data-e-type=\"widget\" data-widget_type=\"heading.default\">\n\t\t\t\t<div class=\"elementor-widget-container\">\n\t\t\t\t\t<h2 class=\"elementor-heading-title elementor-size-default\">Technologie anti-cellulite <\/h2>\t\t\t\t<\/div>\n\t\t\t\t<\/div>\n\t\t\t\t<div class=\"elementor-element elementor-element-3534da3 elementor-widget elementor-widget-text-editor\" data-id=\"3534da3\" data-element_type=\"widget\" data-e-type=\"widget\" data-widget_type=\"text-editor.default\">\n\t\t\t\t<div class=\"elementor-widget-container\">\n\t\t\t\t\t\t\t\t\t<p>Le BTL X-Wave\u2122 est un appareil \u00e0 ondes acoustiques permettant de r\u00e9duire la cellulite et stimuler la production de collag\u00e8ne.<\/p><h4 class=\"grve-element grve-title grve-align-left grve-h2\"><strong>Les avantages :<\/strong><\/h4><div class=\"grve-element grve-text\"><ul><li>Seulement 6 \u00e0 8 traitements.<\/li><li>R\u00e9sultats mesurables et visibles.<\/li><li>Traitement des fesses \/ bras \/ cuisses \/ abdomen.<\/li><li>Co\u00fbt minime des consommables.<\/li><li>Patients tr\u00e8s satisfaits.<\/li><li>Personnalisable avec une polyvalence in\u00e9gal\u00e9e dans une gamme de traitements.<\/li><li>Peut \u00eatre utilis\u00e9 en conjonction avec d\u2019autres appareils BTL.<\/li><\/ul><p>La th\u00e9rapie par ondes acoustiques a \u00e9t\u00e9 scientifiquement prouv\u00e9e depuis plus de 30 ans dans divers traitements m\u00e9dicaux (par exemple, la d\u00e9sint\u00e9gration des calculs r\u00e9naux).<\/p><p>En m\u00e9decine esth\u00e9tique, les ondes acoustiques radiales douces ont \u00e9t\u00e9 adapt\u00e9es avec succ\u00e8s aux besoins cliniques de la th\u00e9rapie de la cellulite et du traitement de la cellulite.<\/p><p><img fetchpriority=\"high\" decoding=\"async\" class=\"wp-image-5832 size-full aligncenter\" src=\"https:\/\/centre-bellissima.ma\/wp-content\/uploads\/2024\/09\/x-wave-avant01.jpg\" alt=\"\" width=\"727\" height=\"911\" srcset=\"https:\/\/centre-bellissima.ma\/wp-content\/uploads\/2024\/09\/x-wave-avant01.jpg 727w, https:\/\/centre-bellissima.ma\/wp-content\/uploads\/2024\/09\/x-wave-avant01-239x300.jpg 239w, https:\/\/centre-bellissima.ma\/wp-content\/uploads\/2024\/09\/x-wave-avant01-600x752.jpg 600w\" sizes=\"(max-width: 727px) 100vw, 727px\" \/><\/p><\/div><p><em>Vous \u00eates int\u00e9ress\u00e9(e) par des s\u00e9ances de BTL X-WAVE pour r\u00e9duire\u00a0 la cellulite et stimuler la production de collag\u00e8ne ? <a href=\"https:\/\/centre-bellissima.ma\/index.php\/appointment\/\"><u>Prenez rendez-vous<\/u><\/a>\u00a0d\u00e8s maintenant.<\/em><\/p>\t\t\t\t\t\t\t\t<\/div>\n\t\t\t\t<\/div>\n\t\t\t\t<div class=\"elementor-element elementor-element-09c782e elementor-widget elementor-widget-wellnezimagebox\" data-id=\"09c782e\" data-element_type=\"widget\" data-e-type=\"widget\" data-settings=\"{&quot;per_line&quot;:&quot;6&quot;,&quot;per_line_tablet&quot;:&quot;6&quot;,&quot;per_line_mobile&quot;:&quot;12&quot;}\" data-widget_type=\"wellnezimagebox.default\">\n\t\t\t\t<div class=\"elementor-widget-container\">\n\t\t\t\t\t\r\n\t\t\t\r\n\t\t\t\t\t\t\t<div class=\"row gy-gx justify-content-between\">\r\n\t\t\t\t\t\t\t\t\t\t\t<div class=\"col-lg-6 col-md-6 col-sm-12 col-lg\">\r\n\t\t\t\t\t\t\t<div class=\"gallery-style1 mega-hover \">\r\n\t\t\t\t\t\t\t\t<div class=\"gallery-img \" >\r\n\t\t\t\t\t\t\t\t\t<a href=\"#\">\r\n\t\t\t\t\t\t\t\t\t\t<img decoding=\"async\" src=\"https:\/\/centre-bellissima.ma\/wp-content\/uploads\/2024\/09\/f5c8d8_fa906076c1fc450a8050a4a66fa5f283mv2.jpg\" alt=\"gallery\"  \/>\t\t\t\t\t\t\t\t\t<\/a>\r\n\t\t\t\t\t\t\t\t<\/div>\r\n\t\t\t\t\t\t\t<\/div>\r\n\t\t\t\t\t\t<\/div>\r\n\t\t\t\t\t\t\t\t\t\t\t<div class=\"col-lg-6 col-md-6 col-sm-12 col-lg\">\r\n\t\t\t\t\t\t\t<div class=\"gallery-style1 mega-hover \">\r\n\t\t\t\t\t\t\t\t<div class=\"gallery-img \" >\r\n\t\t\t\t\t\t\t\t\t<a href=\"#\">\r\n\t\t\t\t\t\t\t\t\t\t<img decoding=\"async\" src=\"https:\/\/centre-bellissima.ma\/wp-content\/uploads\/2024\/09\/btl-x-wave-tratamientos-celulitis-estrias-grasa-corporal-ondas-de-choque.jpg\" alt=\"gallery\"  \/>\t\t\t\t\t\t\t\t\t<\/a>\r\n\t\t\t\t\t\t\t\t<\/div>\r\n\t\t\t\t\t\t\t<\/div>\r\n\t\t\t\t\t\t<\/div>\r\n\t\t\t\t\t\t\t\t\t<\/div>\r\n\t\t\t\t\t\t\t\t\t<\/div>\n\t\t\t\t<\/div>\n\t\t\t\t\t<\/div>\n\t\t<\/div>\n\t\t\t\t\t<\/div>\n\t\t<\/section>\n\t\t\t\t\t<\/div>\n\t\t<\/div>\n\t\t\t\t\t<\/div>\n\t\t<\/section>\n\t\t\t\t<\/div>\n\t\t","protected":false},"excerpt":{"rendered":"<p>Technologie anti-cellulite Le BTL X-Wave\u2122 est un appareil \u00e0 ondes acoustiques permettant de r\u00e9duire la cellulite et stimuler la production de collag\u00e8ne. Les avantages : Seulement 6 \u00e0 8 traitements. R\u00e9sultats mesurables et visibles. Traitement des fesses \/ bras \/ cuisses \/ abdomen. Co\u00fbt minime des consommables. Patients tr\u00e8s satisfaits. Personnalisable avec une polyvalence in\u00e9gal\u00e9e&#8230;<\/p>\n","protected":false},"author":1,"featured_media":0,"parent":0,"menu_order":0,"comment_status":"closed","ping_status":"closed","template":"elementor_header_footer","meta":{"_monsterinsights_skip_tracking":false,"_monsterinsights_sitenote_active":false,"_monsterinsights_sitenote_note":"","_monsterinsights_sitenote_category":0,"footnotes":""},"class_list":["post-5815","page","type-page","status-publish","hentry"],"aioseo_notices":[],"_links":{"self":[{"href":"https:\/\/centre-bellissima.ma\/index.php\/wp-json\/wp\/v2\/pages\/5815","targetHints":{"allow":["GET"]}}],"collection":[{"href":"https:\/\/centre-bellissima.ma\/index.php\/wp-json\/wp\/v2\/pages"}],"about":[{"href":"https:\/\/centre-bellissima.ma\/index.php\/wp-json\/wp\/v2\/types\/page"}],"author":[{"embeddable":true,"href":"https:\/\/centre-bellissima.ma\/index.php\/wp-json\/wp\/v2\/users\/1"}],"replies":[{"embeddable":true,"href":"https:\/\/centre-bellissima.ma\/index.php\/wp-json\/wp\/v2\/comments?post=5815"}],"version-history":[{"count":4,"href":"https:\/\/centre-bellissima.ma\/index.php\/wp-json\/wp\/v2\/pages\/5815\/revisions"}],"predecessor-version":[{"id":5836,"href":"https:\/\/centre-bellissima.ma\/index.php\/wp-json\/wp\/v2\/pages\/5815\/revisions\/5836"}],"wp:attachment":[{"href":"https:\/\/centre-bellissima.ma\/index.php\/wp-json\/wp\/v2\/media?parent=5815"}],"curies":[{"name":"wp","href":"https:\/\/api.w.org\/{rel}","templated":true}]}}