{"id":5795,"date":"2024-09-17T14:37:28","date_gmt":"2024-09-17T14:37:28","guid":{"rendered":"https:\/\/centre-bellissima.ma\/?page_id=5795"},"modified":"2024-09-17T14:42:37","modified_gmt":"2024-09-17T14:42:37","slug":"exilis-ultra-360","status":"publish","type":"page","link":"https:\/\/centre-bellissima.ma\/index.php\/exilis-ultra-360\/","title":{"rendered":"EXILIS ULTRA 360"},"content":{"rendered":"\t\t<div data-elementor-type=\"wp-page\" data-elementor-id=\"5795\" class=\"elementor elementor-5795\">\n\t\t\t\t\t\t<section class=\"elementor-section elementor-top-section elementor-element elementor-element-a974723 elementor-section-full_width elementor-section-height-default elementor-section-height-default\" data-id=\"a974723\" data-element_type=\"section\" data-e-type=\"section\">\n\t\t\t\t\t\t<div class=\"elementor-container elementor-column-gap-no\">\n\t\t\t\t\t<div class=\"elementor-column elementor-col-100 elementor-top-column elementor-element elementor-element-ceb8e48\" data-id=\"ceb8e48\" data-element_type=\"column\" data-e-type=\"column\">\n\t\t\t<div class=\"elementor-widget-wrap elementor-element-populated\">\n\t\t\t\t\t\t<section class=\"elementor-section elementor-inner-section elementor-element elementor-element-14e6d8e elementor-reverse-tablet elementor-reverse-mobile elementor-section-boxed elementor-section-height-default elementor-section-height-default\" data-id=\"14e6d8e\" data-element_type=\"section\" data-e-type=\"section\">\n\t\t\t\t\t\t<div class=\"elementor-container elementor-column-gap-no\">\n\t\t\t\t\t<div class=\"elementor-column elementor-col-100 elementor-inner-column elementor-element elementor-element-b39d199\" data-id=\"b39d199\" data-element_type=\"column\" data-e-type=\"column\">\n\t\t\t<div class=\"elementor-widget-wrap elementor-element-populated\">\n\t\t\t\t\t\t<div class=\"elementor-element elementor-element-3097ebc elementor-widget elementor-widget-wellnezimagebox\" data-id=\"3097ebc\" data-element_type=\"widget\" data-e-type=\"widget\" data-settings=\"{&quot;per_line&quot;:&quot;12&quot;,&quot;per_line_tablet&quot;:&quot;12&quot;,&quot;per_line_mobile&quot;:&quot;12&quot;}\" data-widget_type=\"wellnezimagebox.default\">\n\t\t\t\t<div class=\"elementor-widget-container\">\n\t\t\t\t\t\r\n\t\t\t\r\n\t\t\t\t\t\t\t<div class=\"row gy-gx justify-content-between\">\r\n\t\t\t\t\t\t\t\t\t\t\t<div class=\"col-lg-12 col-md-12 col-sm-12 col-lg\">\r\n\t\t\t\t\t\t\t<div class=\"gallery-style1 mega-hover \">\r\n\t\t\t\t\t\t\t\t<div class=\"gallery-img \" >\r\n\t\t\t\t\t\t\t\t\t<a href=\"#\">\r\n\t\t\t\t\t\t\t\t\t\t<img decoding=\"async\" src=\"https:\/\/centre-bellissima.ma\/wp-content\/uploads\/2024\/09\/exilis_elite_korper.jpg\" alt=\"gallery\"  \/>\t\t\t\t\t\t\t\t\t<\/a>\r\n\t\t\t\t\t\t\t\t<\/div>\r\n\t\t\t\t\t\t\t<\/div>\r\n\t\t\t\t\t\t<\/div>\r\n\t\t\t\t\t\t\t\t\t<\/div>\r\n\t\t\t\t\t\t\t\t\t<\/div>\n\t\t\t\t<\/div>\n\t\t\t\t<div class=\"elementor-element elementor-element-1a8e873 elementor-widget elementor-widget-heading\" data-id=\"1a8e873\" data-element_type=\"widget\" data-e-type=\"widget\" data-widget_type=\"heading.default\">\n\t\t\t\t<div class=\"elementor-widget-container\">\n\t\t\t\t\t<h2 class=\"elementor-heading-title elementor-size-default\">EXILIS ELITE 360 POUR LE REL\u00c2CHEMENT DE LA PEAU<\/h2>\t\t\t\t<\/div>\n\t\t\t\t<\/div>\n\t\t\t\t<div class=\"elementor-element elementor-element-3534da3 elementor-widget elementor-widget-text-editor\" data-id=\"3534da3\" data-element_type=\"widget\" data-e-type=\"widget\" data-widget_type=\"text-editor.default\">\n\t\t\t\t<div class=\"elementor-widget-container\">\n\t\t\t\t\t\t\t\t\t<p>L\u2019<strong>Exilis Elite 360<\/strong>\u00a0est une technologie m\u00e9dicale qui utilise la radiofr\u00e9quence et les ultrasons pour rajeunir la peau en luttant contre son rel\u00e2chement, en particulier sur le visage ou le corps.<\/p><div class=\"elementor-element elementor-element-2dc9c8e elementor-widget elementor-widget-heading\" data-id=\"2dc9c8e\" data-element_type=\"widget\" data-widget_type=\"heading.default\"><div class=\"elementor-widget-container\"><h5 class=\"elementor-heading-title elementor-size-default\"><span style=\"color: #000000;\">L&#8217;EXILIS + 360\u2122 C&#8217;EST QUOI ?<\/span><\/h5><\/div><\/div><div class=\"elementor-element elementor-element-088e876 elementor-widget elementor-widget-text-editor\" data-id=\"088e876\" data-element_type=\"widget\" data-widget_type=\"text-editor.default\"><div class=\"elementor-widget-container\"><div class=\"elementor-text-editor elementor-clearfix\"><p>L\u2019<strong>Exilise Elite + 360\u00a0<\/strong>\u00ae est un dispositif m\u00e9dical utilis\u00e9 pour corriger certains stigmates du vieillissement, particuli\u00e8rement le rel\u00e2chement de la peau en diffusant de la radiofr\u00e9quence monopolaire, associ\u00e9e \u00e0 des ultrasons focalis\u00e9s afin d\u2019en amplifier l\u2019efficacit\u00e9.<\/p><p>La chaleur diffus\u00e9e dans les tissus permet de les retendre progressivement au fur et \u00e0 mesure des s\u00e9ances. En cas de rel\u00e2chement trop important, l\u2019<strong>Exilis<\/strong>\u00a0ne peut bien \u00e9videmment pas remplacer une intervention chirurgicale.<\/p><\/div><\/div><\/div><div class=\"elementor-element elementor-element-3ecdff2 elementor-widget elementor-widget-heading\" data-id=\"3ecdff2\" data-element_type=\"widget\" data-widget_type=\"heading.default\"><div class=\"elementor-widget-container\"><h5 class=\"elementor-heading-title elementor-size-default\"><span style=\"color: #000000;\">Qui peut r\u00e9aliser un traitement Exilis Elite + ?<\/span><\/h5><\/div><\/div><div class=\"elementor-element elementor-element-95daba9 elementor-widget elementor-widget-text-editor\" data-id=\"95daba9\" data-element_type=\"widget\" data-widget_type=\"text-editor.default\"><div class=\"elementor-widget-container\"><div class=\"elementor-text-editor elementor-clearfix\"><p>L\u2019<strong>Exilis<\/strong>\u00a0s\u2019adresse aux personnes de tout \u00e2ge. Au niveau du corps il est particuli\u00e8rement\u00a0 int\u00e9ressant dans la prise en charge du rel\u00e2chement de la peau du ventre par exemple, particuli\u00e8rement dans les suites d\u2019une\u00a0grossesse.<\/p><div class=\"elementor-element elementor-element-2c5c7ec elementor-widget elementor-widget-heading\" data-id=\"2c5c7ec\" data-element_type=\"widget\" data-widget_type=\"heading.default\"><div class=\"elementor-widget-container\"><h5 class=\"elementor-heading-title elementor-size-default\"><span style=\"color: #000000;\">QUELLES ZONES PEUT-ON TRAITER AVEC L&#8217;EXILIS ELITE ?<\/span><\/h5><\/div><\/div><div class=\"elementor-element elementor-element-a8bcfab elementor-widget elementor-widget-text-editor\" data-id=\"a8bcfab\" data-element_type=\"widget\" data-widget_type=\"text-editor.default\"><div class=\"elementor-widget-container\"><div class=\"elementor-text-editor elementor-clearfix\"><p>L\u2019<strong>Exiliste Elite 360<\/strong>\u00a0a \u00e9t\u00e9 autoris\u00e9 apr\u00e8s de nombreuses \u00e9tudes cliniques pour le traitement de diff\u00e9rentes zones du corps :<\/p><ul><li>Des cuisses\u00a0<\/li><li>Du ventre\u00a0<\/li><li>Des bras<\/li><li>Du visage<\/li><\/ul><div class=\"elementor-element elementor-element-de65b69 elementor-widget elementor-widget-heading\" data-id=\"de65b69\" data-element_type=\"widget\" data-widget_type=\"heading.default\"><div class=\"elementor-widget-container\"><h5 class=\"elementor-heading-title elementor-size-default\"><span style=\"color: #000000;\">Les avantages de l&#8217;Exilis Elite 360\u00ae<\/span><\/h5><\/div><\/div><div class=\"elementor-element elementor-element-b91495f elementor-widget elementor-widget-text-editor\" data-id=\"b91495f\" data-element_type=\"widget\" data-widget_type=\"text-editor.default\"><div class=\"elementor-widget-container\"><div class=\"elementor-text-editor elementor-clearfix\"><ul><li>Un traitement confortable\u00a0<\/li><li>Aucun effet secondaire, les patientes peuvent reprendre leur activit\u00e9 d\u00e8s la fin de la s\u00e9ance\u00a0<\/li><li>Ce traitement peut \u00eatre reproduit au besoin<\/li><\/ul><div class=\"elementor-element elementor-element-3534da3 elementor-widget elementor-widget-text-editor\" data-id=\"3534da3\" data-element_type=\"widget\" data-widget_type=\"text-editor.default\"><div class=\"elementor-widget-container\"><p><em>Vous \u00eates int\u00e9ress\u00e9(e) par des s\u00e9ances de Exilis Ultra 360 pour lutter contre le rel\u00e2chement de votre peau ? <a href=\"https:\/\/centre-bellissima.ma\/index.php\/appointment\/\"><u>Prenez rendez-vous<\/u><\/a>\u00a0d\u00e8s maintenant.<\/em><\/p><\/div><\/div><div class=\"elementor-element elementor-element-09c782e elementor-widget elementor-widget-wellnezimagebox\" data-id=\"09c782e\" data-element_type=\"widget\" data-settings=\"{&quot;per_line&quot;:&quot;6&quot;,&quot;per_line_tablet&quot;:&quot;6&quot;,&quot;per_line_mobile&quot;:&quot;12&quot;}\" data-widget_type=\"wellnezimagebox.default\"><div class=\"elementor-widget-container\"><div class=\"row gy-gx justify-content-between\"><div class=\"col-lg-6 col-md-6 col-sm-12 col-lg\"><div class=\"gallery-style1 mega-hover \">\u00a0<\/div><\/div><\/div><\/div><\/div><\/div><\/div><\/div><\/div><\/div><\/div><\/div><\/div><\/div>\t\t\t\t\t\t\t\t<\/div>\n\t\t\t\t<\/div>\n\t\t\t\t<div class=\"elementor-element elementor-element-09c782e elementor-widget elementor-widget-wellnezimagebox\" data-id=\"09c782e\" data-element_type=\"widget\" data-e-type=\"widget\" data-settings=\"{&quot;per_line&quot;:&quot;6&quot;,&quot;per_line_tablet&quot;:&quot;6&quot;,&quot;per_line_mobile&quot;:&quot;12&quot;}\" data-widget_type=\"wellnezimagebox.default\">\n\t\t\t\t<div class=\"elementor-widget-container\">\n\t\t\t\t\t\r\n\t\t\t\r\n\t\t\t\t\t\t\t<div class=\"row gy-gx justify-content-between\">\r\n\t\t\t\t\t\t\t\t\t\t\t<div class=\"col-lg-6 col-md-6 col-sm-12 col-lg\">\r\n\t\t\t\t\t\t\t<div class=\"gallery-style1 mega-hover \">\r\n\t\t\t\t\t\t\t\t<div class=\"gallery-img \" >\r\n\t\t\t\t\t\t\t\t\t<a href=\"#\">\r\n\t\t\t\t\t\t\t\t\t\t<img decoding=\"async\" src=\"https:\/\/centre-bellissima.ma\/wp-content\/uploads\/2024\/09\/Picture2-1024x418-1.png\" alt=\"gallery\"  \/>\t\t\t\t\t\t\t\t\t<\/a>\r\n\t\t\t\t\t\t\t\t<\/div>\r\n\t\t\t\t\t\t\t<\/div>\r\n\t\t\t\t\t\t<\/div>\r\n\t\t\t\t\t\t\t\t\t\t\t<div class=\"col-lg-6 col-md-6 col-sm-12 col-lg\">\r\n\t\t\t\t\t\t\t<div class=\"gallery-style1 mega-hover \">\r\n\t\t\t\t\t\t\t\t<div class=\"gallery-img \" >\r\n\t\t\t\t\t\t\t\t\t<a href=\"#\">\r\n\t\t\t\t\t\t\t\t\t\t<img decoding=\"async\" src=\"https:\/\/centre-bellissima.ma\/wp-content\/uploads\/2024\/09\/attachment-15_f5Ar.webp\" alt=\"gallery\"  \/>\t\t\t\t\t\t\t\t\t<\/a>\r\n\t\t\t\t\t\t\t\t<\/div>\r\n\t\t\t\t\t\t\t<\/div>\r\n\t\t\t\t\t\t<\/div>\r\n\t\t\t\t\t\t\t\t\t<\/div>\r\n\t\t\t\t\t\t\t\t\t<\/div>\n\t\t\t\t<\/div>\n\t\t\t\t\t<\/div>\n\t\t<\/div>\n\t\t\t\t\t<\/div>\n\t\t<\/section>\n\t\t\t\t\t<\/div>\n\t\t<\/div>\n\t\t\t\t\t<\/div>\n\t\t<\/section>\n\t\t\t\t<\/div>\n\t\t","protected":false},"excerpt":{"rendered":"<p>EXILIS ELITE 360 POUR LE REL\u00c2CHEMENT DE LA PEAU L\u2019Exilis Elite 360\u00a0est une technologie m\u00e9dicale qui utilise la radiofr\u00e9quence et les ultrasons pour rajeunir la peau en luttant contre son rel\u00e2chement, en particulier sur le visage ou le corps. L&#8217;EXILIS + 360\u2122 C&#8217;EST QUOI ? L\u2019Exilise Elite + 360\u00a0\u00ae est un dispositif m\u00e9dical utilis\u00e9 pour&#8230;<\/p>\n","protected":false},"author":1,"featured_media":0,"parent":0,"menu_order":0,"comment_status":"closed","ping_status":"closed","template":"elementor_header_footer","meta":{"_monsterinsights_skip_tracking":false,"_monsterinsights_sitenote_active":false,"_monsterinsights_sitenote_note":"","_monsterinsights_sitenote_category":0,"footnotes":""},"class_list":["post-5795","page","type-page","status-publish","hentry"],"aioseo_notices":[],"_links":{"self":[{"href":"https:\/\/centre-bellissima.ma\/index.php\/wp-json\/wp\/v2\/pages\/5795","targetHints":{"allow":["GET"]}}],"collection":[{"href":"https:\/\/centre-bellissima.ma\/index.php\/wp-json\/wp\/v2\/pages"}],"about":[{"href":"https:\/\/centre-bellissima.ma\/index.php\/wp-json\/wp\/v2\/types\/page"}],"author":[{"embeddable":true,"href":"https:\/\/centre-bellissima.ma\/index.php\/wp-json\/wp\/v2\/users\/1"}],"replies":[{"embeddable":true,"href":"https:\/\/centre-bellissima.ma\/index.php\/wp-json\/wp\/v2\/comments?post=5795"}],"version-history":[{"count":6,"href":"https:\/\/centre-bellissima.ma\/index.php\/wp-json\/wp\/v2\/pages\/5795\/revisions"}],"predecessor-version":[{"id":5843,"href":"https:\/\/centre-bellissima.ma\/index.php\/wp-json\/wp\/v2\/pages\/5795\/revisions\/5843"}],"wp:attachment":[{"href":"https:\/\/centre-bellissima.ma\/index.php\/wp-json\/wp\/v2\/media?parent=5795"}],"curies":[{"name":"wp","href":"https:\/\/api.w.org\/{rel}","templated":true}]}}