{"id":2560,"date":"2023-04-03T11:34:16","date_gmt":"2023-04-03T09:34:16","guid":{"rendered":"https:\/\/wordpress.vecurosoft.com\/wellnez\/?page_id=2560"},"modified":"2024-09-28T18:10:59","modified_gmt":"2024-09-28T18:10:59","slug":"emsculpt","status":"publish","type":"page","link":"https:\/\/centre-bellissima.ma\/index.php\/emsculpt\/","title":{"rendered":"EMSCULPT\u00ae"},"content":{"rendered":"\t\t<div data-elementor-type=\"wp-page\" data-elementor-id=\"2560\" class=\"elementor elementor-2560\">\n\t\t\t\t\t\t<section class=\"elementor-section elementor-top-section elementor-element elementor-element-a974723 elementor-section-full_width elementor-section-height-default elementor-section-height-default\" data-id=\"a974723\" data-element_type=\"section\" data-e-type=\"section\">\n\t\t\t\t\t\t<div class=\"elementor-container elementor-column-gap-no\">\n\t\t\t\t\t<div class=\"elementor-column elementor-col-100 elementor-top-column elementor-element elementor-element-ceb8e48\" data-id=\"ceb8e48\" data-element_type=\"column\" data-e-type=\"column\">\n\t\t\t<div class=\"elementor-widget-wrap elementor-element-populated\">\n\t\t\t\t\t\t<section class=\"elementor-section elementor-inner-section elementor-element elementor-element-14e6d8e elementor-reverse-tablet elementor-reverse-mobile elementor-section-boxed elementor-section-height-default elementor-section-height-default\" data-id=\"14e6d8e\" data-element_type=\"section\" data-e-type=\"section\">\n\t\t\t\t\t\t<div class=\"elementor-container elementor-column-gap-no\">\n\t\t\t\t\t<div class=\"elementor-column elementor-col-100 elementor-inner-column elementor-element elementor-element-b39d199\" data-id=\"b39d199\" data-element_type=\"column\" data-e-type=\"column\">\n\t\t\t<div class=\"elementor-widget-wrap elementor-element-populated\">\n\t\t\t\t\t\t<div class=\"elementor-element elementor-element-3097ebc elementor-widget elementor-widget-wellnezimagebox\" data-id=\"3097ebc\" data-element_type=\"widget\" data-e-type=\"widget\" data-settings=\"{&quot;per_line&quot;:&quot;12&quot;,&quot;per_line_tablet&quot;:&quot;12&quot;,&quot;per_line_mobile&quot;:&quot;12&quot;}\" data-widget_type=\"wellnezimagebox.default\">\n\t\t\t\t<div class=\"elementor-widget-container\">\n\t\t\t\t\t\r\n\t\t\t\r\n\t\t\t\t\t\t\t<div class=\"row gy-gx justify-content-between\">\r\n\t\t\t\t\t\t\t\t\t\t\t<div class=\"col-lg-12 col-md-12 col-sm-12 col-lg\">\r\n\t\t\t\t\t\t\t<div class=\"gallery-style1 mega-hover \">\r\n\t\t\t\t\t\t\t\t<div class=\"gallery-img \" >\r\n\t\t\t\t\t\t\t\t\t<a href=\"#\">\r\n\t\t\t\t\t\t\t\t\t\t<img decoding=\"async\" src=\"https:\/\/centre-bellissima.ma\/wp-content\/uploads\/2024\/09\/emsculpt-paris.jpg\" alt=\"gallery\"  \/>\t\t\t\t\t\t\t\t\t<\/a>\r\n\t\t\t\t\t\t\t\t<\/div>\r\n\t\t\t\t\t\t\t<\/div>\r\n\t\t\t\t\t\t<\/div>\r\n\t\t\t\t\t\t\t\t\t<\/div>\r\n\t\t\t\t\t\t\t\t\t<\/div>\n\t\t\t\t<\/div>\n\t\t\t\t<div class=\"elementor-element elementor-element-1a8e873 elementor-widget elementor-widget-heading\" data-id=\"1a8e873\" data-element_type=\"widget\" data-e-type=\"widget\" data-widget_type=\"heading.default\">\n\t\t\t\t<div class=\"elementor-widget-container\">\n\t\t\t\t\t<h2 class=\"elementor-heading-title elementor-size-default\">EMSCULPT\u00ae : Sculpter les abdominaux et raffermir les fesses<\/h2>\t\t\t\t<\/div>\n\t\t\t\t<\/div>\n\t\t\t\t<div class=\"elementor-element elementor-element-3534da3 elementor-widget elementor-widget-text-editor\" data-id=\"3534da3\" data-element_type=\"widget\" data-e-type=\"widget\" data-widget_type=\"text-editor.default\">\n\t\t\t\t<div class=\"elementor-widget-container\">\n\t\t\t\t\t\t\t\t\t<p>EMSculpt<sup>\u00ae<\/sup>\u00a0est le premier traitement non invasif et indolore qui agit \u00e0 la fois sur la masse musculaire et sur le gras superflu qui l\u2019entoure. Con\u00e7u pour les femmes comme pour les hommes, EMSculpt sculpte le ventre et raffermit les fesses par le biais de cette double action. En moyenne, 4\u00a0s\u00e9ances d\u2019EMSculpt permettent de supprimer les graisses de 19% et d\u2019augmenter le volume musculaire de 16% sur la zone trait\u00e9e.<\/p><h5 id=\"resume\"><strong>En r\u00e9sum\u00e9\u00a0:<\/strong><\/h5><ul><li><strong>Principe<\/strong>\u00a0: Traitement non invasif de remodelage du corps, combinant renforcement musculaire et suppression des graisses.<\/li><li><strong>Indication<\/strong>\u00a0: Pour les patient(e)s qui souhaitent sculpter leur ceinture abdominale et raffermir leurs fesses.<\/li><li><strong>R\u00e9sultat<\/strong>\u00a0: R\u00e9duction de la couche de graisse de 19%, augmentation de la masse musculaire de 16% (en moyenne, apr\u00e8s 4\u00a0s\u00e9ances). R\u00e9sultat visible progressivement dans les semaines qui suivent et final apr\u00e8s 2-3 mois.<\/li><li><strong>Douleur<\/strong>\u00a0: Aucune<\/li><li><strong>Cicatrices<\/strong>\u00a0: Aucune<\/li><li><strong>Convalescence<\/strong>\u00a0: Imm\u00e9diate. Conserver une alimentation pauvre en graisse dans les jours qui suivent.<\/li><li><strong>Reprise du sport<\/strong>\u00a0: Imm\u00e9diate<\/li><li><strong>Protocole<\/strong>\u00a0: 30\u00a0min par s\u00e9ance, 4\u00a0s\u00e9ances pour un r\u00e9sultat optimal.<\/li><\/ul><h5 id=\"presentation\"><strong>Comment fonctionne EMSculpt\u00a0?<\/strong><\/h5><p>EMSculpt\u00ae (parfois appel\u00e9 EM Sculpt) est un traitement non invasif de\u00a0<strong>remodelage du corps<\/strong>. Il s\u2019agit de l\u2019unique traitement combinant\u00a0<strong>renforcement musculaire<\/strong>\u00a0et\u00a0<strong>suppression des graisses<\/strong>. En effet, EMSculpt favorise simultan\u00e9ment le gain de muscle ainsi que l\u2019\u00e9limination de la graisse sous-cutan\u00e9e pour un r\u00e9sultat optimal.<\/p><p>Des \u00e9tudes cliniques ont mis en \u00e9vidence qu\u2019EMSculpt permet de\u00a0<strong>r\u00e9duire la couche de graisse de 19%<\/strong>\u00a0et d\u2019<strong>augmenter la masse musculaire de 16%<\/strong>\u00a0en moyenne lors d\u2019un traitement compos\u00e9 de 4\u00a0s\u00e9ances espac\u00e9es de deux ou trois jours.<\/p><p>Des s\u00e9ances d\u2019EMSculpt sont indiqu\u00e9es pour les femmes et les hommes qui souhaitent supprimer des exc\u00e8s graisseux au niveau du ventre, redessiner et tonifier leurs abdominaux ou leurs muscles fessiers.<\/p><h5><strong>Quelle action sur le ventre\u00a0?<\/strong><\/h5><p>Au niveau du ventre, EMSculpt permet de tonifier, muscler et\u00a0<strong>raffermir la ceinture abdominale<\/strong>. Emsculpt est le seul traitement qui sculpte les abdominaux tout en faisant fondre le gras qui les masque. Cet effet combin\u00e9 permet un r\u00e9sultat esth\u00e9tique le plus significatif possible.<\/p><p><strong>Post-grossesse :<\/strong>\u00a0Il s\u2019agit m\u00eame du premier traitement non invasif qui a prouv\u00e9 scientifiquement son efficacit\u00e9 pour r\u00e9duire un diastasis des grands droits du post-partum (\u00e9cartement des muscles abdominaux). EMSculpt constitue un traitement adapt\u00e9\u00a0<strong>apr\u00e8s une grossesse<\/strong>\u00a0dans le cadre d\u2019une\u00a0chirurgie esth\u00e9tiques des s\u00e9quelles d&#8217;une grosssesse (mommy makeover). Il permet \u00e0 la fois de supprimer les graisses tenaces, de raffermir la ceinture abdominale et de corriger une diastasis des grands droits.<\/p><h5><strong>Quelle action sur les fesses\u00a0?<\/strong><\/h5><p>Emsculpt renforce, tonifie et raffermit les muscles fessiers. Il\u00a0<strong>redessine le galbe des fesses<\/strong>\u00a0en augmentant leur volume musculaire en agissant sur l\u2019ensemble des muscles de la fesse.<\/p><p><em>Vous \u00eates int\u00e9ress\u00e9(e) par des s\u00e9ances de EMSCULPT\u00ae pour s<\/em>culpter les abdominaux et raffermir les fesses <em>? <a href=\"https:\/\/centre-bellissima.ma\/index.php\/appointment\/\"><u>Prenez rendez-vous<\/u><\/a>\u00a0d\u00e8s maintenant.<\/em><\/p>\t\t\t\t\t\t\t\t<\/div>\n\t\t\t\t<\/div>\n\t\t\t\t<div class=\"elementor-element elementor-element-09c782e elementor-widget elementor-widget-wellnezimagebox\" data-id=\"09c782e\" data-element_type=\"widget\" data-e-type=\"widget\" data-settings=\"{&quot;per_line&quot;:&quot;6&quot;,&quot;per_line_tablet&quot;:&quot;6&quot;,&quot;per_line_mobile&quot;:&quot;12&quot;}\" data-widget_type=\"wellnezimagebox.default\">\n\t\t\t\t<div class=\"elementor-widget-container\">\n\t\t\t\t\t\r\n\t\t\t\r\n\t\t\t\t\t\t\t<div class=\"row gy-gx justify-content-between\">\r\n\t\t\t\t\t\t\t\t\t\t\t<div class=\"col-lg-6 col-md-6 col-sm-12 col-lg\">\r\n\t\t\t\t\t\t\t<div class=\"gallery-style1 mega-hover \">\r\n\t\t\t\t\t\t\t\t<div class=\"gallery-img \" >\r\n\t\t\t\t\t\t\t\t\t<a href=\"#\">\r\n\t\t\t\t\t\t\t\t\t\t<img decoding=\"async\" src=\"https:\/\/centre-bellissima.ma\/wp-content\/uploads\/2024\/09\/qu-est-ce-que-emsculpt.jpg\" alt=\"gallery\"  \/>\t\t\t\t\t\t\t\t\t<\/a>\r\n\t\t\t\t\t\t\t\t<\/div>\r\n\t\t\t\t\t\t\t<\/div>\r\n\t\t\t\t\t\t<\/div>\r\n\t\t\t\t\t\t\t\t\t\t\t<div class=\"col-lg-6 col-md-6 col-sm-12 col-lg\">\r\n\t\t\t\t\t\t\t<div class=\"gallery-style1 mega-hover \">\r\n\t\t\t\t\t\t\t\t<div class=\"gallery-img \" >\r\n\t\t\t\t\t\t\t\t\t<a href=\"#\">\r\n\t\t\t\t\t\t\t\t\t\t<img decoding=\"async\" src=\"https:\/\/centre-bellissima.ma\/wp-content\/uploads\/2024\/09\/dispositif-emsculpt.jpg\" alt=\"gallery\"  \/>\t\t\t\t\t\t\t\t\t<\/a>\r\n\t\t\t\t\t\t\t\t<\/div>\r\n\t\t\t\t\t\t\t<\/div>\r\n\t\t\t\t\t\t<\/div>\r\n\t\t\t\t\t\t\t\t\t<\/div>\r\n\t\t\t\t\t\t\t\t\t<\/div>\n\t\t\t\t<\/div>\n\t\t\t\t\t<\/div>\n\t\t<\/div>\n\t\t\t\t\t<\/div>\n\t\t<\/section>\n\t\t\t\t\t<\/div>\n\t\t<\/div>\n\t\t\t\t\t<\/div>\n\t\t<\/section>\n\t\t\t\t<\/div>\n\t\t","protected":false},"excerpt":{"rendered":"<p>EMSCULPT\u00ae : Sculpter les abdominaux et raffermir les fesses EMSculpt\u00ae\u00a0est le premier traitement non invasif et indolore qui agit \u00e0 la fois sur la masse musculaire et sur le gras superflu qui l\u2019entoure. Con\u00e7u pour les femmes comme pour les hommes, EMSculpt sculpte le ventre et raffermit les fesses par le biais de cette double&#8230;<\/p>\n","protected":false},"author":1,"featured_media":0,"parent":0,"menu_order":0,"comment_status":"closed","ping_status":"closed","template":"elementor_header_footer","meta":{"_monsterinsights_skip_tracking":false,"_monsterinsights_sitenote_active":false,"_monsterinsights_sitenote_note":"","_monsterinsights_sitenote_category":0,"footnotes":""},"class_list":["post-2560","page","type-page","status-publish","hentry"],"aioseo_notices":[],"_links":{"self":[{"href":"https:\/\/centre-bellissima.ma\/index.php\/wp-json\/wp\/v2\/pages\/2560","targetHints":{"allow":["GET"]}}],"collection":[{"href":"https:\/\/centre-bellissima.ma\/index.php\/wp-json\/wp\/v2\/pages"}],"about":[{"href":"https:\/\/centre-bellissima.ma\/index.php\/wp-json\/wp\/v2\/types\/page"}],"author":[{"embeddable":true,"href":"https:\/\/centre-bellissima.ma\/index.php\/wp-json\/wp\/v2\/users\/1"}],"replies":[{"embeddable":true,"href":"https:\/\/centre-bellissima.ma\/index.php\/wp-json\/wp\/v2\/comments?post=2560"}],"version-history":[{"count":12,"href":"https:\/\/centre-bellissima.ma\/index.php\/wp-json\/wp\/v2\/pages\/2560\/revisions"}],"predecessor-version":[{"id":6262,"href":"https:\/\/centre-bellissima.ma\/index.php\/wp-json\/wp\/v2\/pages\/2560\/revisions\/6262"}],"wp:attachment":[{"href":"https:\/\/centre-bellissima.ma\/index.php\/wp-json\/wp\/v2\/media?parent=2560"}],"curies":[{"name":"wp","href":"https:\/\/api.w.org\/{rel}","templated":true}]}}